{"id":255,"date":"2013-12-12T18:50:10","date_gmt":"2013-12-12T16:50:10","guid":{"rendered":"http:\/\/www.hartmann-kompass.de\/de\/?page_id=255"},"modified":"2014-01-30T14:01:31","modified_gmt":"2014-01-30T12:01:31","slug":"kontakt","status":"publish","type":"page","link":"https:\/\/www.hartmann-kompass.de\/de\/kontakt\/","title":{"rendered":"Kontakt"},"content":{"rendered":"<div  class='flex_column av-av_one_half-2a9015ff38129c418a3f2eafba3e9512 av_one_half  avia-builder-el-0  el_before_av_one_third  avia-builder-el-first  first flex_column_div  '     ><style type=\"text\/css\" data-created_by=\"avia_inline_auto\" id=\"style-css-av-av_heading-26110167b99130975fb4801c51dc351b\">\n#top .av-special-heading.av-av_heading-26110167b99130975fb4801c51dc351b{\npadding-bottom:10px;\n}\nbody .av-special-heading.av-av_heading-26110167b99130975fb4801c51dc351b .av-special-heading-tag .heading-char{\nfont-size:25px;\n}\n.av-special-heading.av-av_heading-26110167b99130975fb4801c51dc351b .av-subheading{\nfont-size:10px;\n}\n<\/style>\n<div  class='av-special-heading av-av_heading-26110167b99130975fb4801c51dc351b av-special-heading-h1  avia-builder-el-1  el_before_av_textblock  avia-builder-el-first '><h1 class='av-special-heading-tag '  itemprop=\"headline\"  >Wir freuen uns auf Ihre Anfrage<\/h1><div class=\"special-heading-border\"><div class=\"special-heading-inner-border\"><\/div><\/div><\/div>\n<section  class='av_textblock_section av-av_textblock-c6af582264e9e57e217265b00f862f7b '   itemscope=\"itemscope\" itemtype=\"https:\/\/schema.org\/CreativeWork\" ><div class='avia_textblock'  itemprop=\"text\" ><h4 style=\"line-height: 25px;\">Sie interessieren sich f\u00fcr weitere Details?<\/h4>\n<h4 style=\"line-height: 25px;\">Sie w\u00fcnschen eine ausf\u00fchrliche pers\u00f6nliche Pr\u00e4sentation?<\/h4>\n<h4 style=\"line-height: 25px;\">Gerne nehmen wir mit Ihnen Kontakt auf.<\/h4>\n<\/div><\/section><br \/>\n<div  class='hr av-av_hr-d3021aff4e2c88ff75459fd6b3a45a12 hr-default  avia-builder-el-3  el_after_av_textblock  el_before_av_textblock '><span class='hr-inner '><span class=\"hr-inner-style\"><\/span><\/span><\/div><br \/>\n<section  class='av_textblock_section av-av_textblock-c6af582264e9e57e217265b00f862f7b '   itemscope=\"itemscope\" itemtype=\"https:\/\/schema.org\/CreativeWork\" ><div class='avia_textblock'  itemprop=\"text\" >\n<div class=\"wpcf7 no-js\" id=\"wpcf7-f263-o1\" lang=\"de-DE\" dir=\"ltr\" data-wpcf7-id=\"263\">\n<div class=\"screen-reader-response\"><p role=\"status\" aria-live=\"polite\" aria-atomic=\"true\"><\/p> <ul><\/ul><\/div>\n<form action=\"\/de\/wp-json\/wp\/v2\/pages\/255#wpcf7-f263-o1\" method=\"post\" class=\"wpcf7-form init\" aria-label=\"Kontaktformular\" novalidate=\"novalidate\" data-status=\"init\">\n<fieldset class=\"hidden-fields-container\"><input type=\"hidden\" name=\"_wpcf7\" value=\"263\" \/><input type=\"hidden\" name=\"_wpcf7_version\" value=\"6.1.3\" \/><input type=\"hidden\" name=\"_wpcf7_locale\" value=\"de_DE\" \/><input type=\"hidden\" name=\"_wpcf7_unit_tag\" value=\"wpcf7-f263-o1\" \/><input type=\"hidden\" name=\"_wpcf7_container_post\" value=\"0\" \/><input type=\"hidden\" name=\"_wpcf7_posted_data_hash\" value=\"\" \/>\n<\/fieldset>\n<p>Kommune oder Unternehmen*\n<\/p>\n<p><span class=\"wpcf7-form-control-wrap\" data-name=\"text-528\"><input size=\"40\" maxlength=\"400\" class=\"wpcf7-form-control wpcf7-text wpcf7-validates-as-required\" aria-required=\"true\" aria-invalid=\"false\" value=\"\" type=\"text\" name=\"text-528\" \/><\/span>\n<\/p>\n<p>Anrede*\n<\/p>\n<p><span class=\"wpcf7-form-control-wrap\" data-name=\"Anrede-487\"><select class=\"wpcf7-form-control wpcf7-select wpcf7-validates-as-required\" aria-required=\"true\" aria-invalid=\"false\" name=\"Anrede-487\"><option value=\"\">&#8211; Bitte ausw\u00e4hlen &#8211;<\/option><option value=\"Frau\">Frau<\/option><option value=\"Herr\">Herr<\/option><option value=\"Divers\">Divers<\/option><\/select><\/span>\n<\/p>\n<p>Name*\n<\/p>\n<p><span class=\"wpcf7-form-control-wrap\" data-name=\"your-name\"><input size=\"40\" maxlength=\"400\" class=\"wpcf7-form-control wpcf7-text wpcf7-validates-as-required\" aria-required=\"true\" aria-invalid=\"false\" value=\"\" type=\"text\" name=\"your-name\" \/><\/span>\n<\/p>\n<p>E-Mail-Adresse*\n<\/p>\n<p><span class=\"wpcf7-form-control-wrap\" data-name=\"your-email\"><input size=\"40\" maxlength=\"400\" class=\"wpcf7-form-control wpcf7-email wpcf7-validates-as-required wpcf7-text wpcf7-validates-as-email\" aria-required=\"true\" aria-invalid=\"false\" value=\"\" type=\"email\" name=\"your-email\" \/><\/span>\n<\/p>\n<p>Telefonnummer mit Vorwahl*\n<\/p>\n<p><span class=\"wpcf7-form-control-wrap\" data-name=\"your-phone\"><input size=\"40\" maxlength=\"400\" class=\"wpcf7-form-control wpcf7-tel wpcf7-validates-as-required wpcf7-text wpcf7-validates-as-tel\" aria-required=\"true\" aria-invalid=\"false\" value=\"\" type=\"tel\" name=\"your-phone\" \/><\/span>\n<\/p>\n<p>Ihre Nachricht*\n<\/p>\n<p><span class=\"wpcf7-form-control-wrap\" data-name=\"your-message\"><textarea cols=\"40\" rows=\"10\" maxlength=\"2000\" class=\"wpcf7-form-control wpcf7-textarea wpcf7-validates-as-required\" aria-required=\"true\" aria-invalid=\"false\" name=\"your-message\"><\/textarea><\/span>\n<\/p>\n<p><input type=\"hidden\" name=\"_wpcf7_captcha_challenge_captcha-1\" value=\"1679026501\" \/><img loading=\"lazy\" decoding=\"async\" class=\"wpcf7-form-control wpcf7-captchac wpcf7-captcha-captcha-1\" width=\"72\" height=\"24\" alt=\"captcha\" src=\"https:\/\/www.hartmann-kompass.de\/de\/wp-content\/uploads\/wpcf7_captcha\/1679026501.png\" \/><span class=\"wpcf7-form-control-wrap\" data-name=\"captcha-1\"><input size=\"40\" class=\"wpcf7-form-control wpcf7-captchar\" autocomplete=\"off\" aria-invalid=\"false\" value=\"\" type=\"text\" name=\"captcha-1\" \/><\/span>\n<\/p>\n<p><input class=\"wpcf7-form-control wpcf7-submit has-spinner\" type=\"submit\" value=\"Senden\" \/>\n<\/p>\n<p>* Pflichtfeld\n<\/p><div class=\"wpcf7-response-output\" aria-hidden=\"true\"><\/div>\n<\/form>\n<\/div>\n\n<\/div><\/section><\/p><\/div>\n<div  class='flex_column av-av_one_third-1c47c10d9dd6b9bc0b68f292c1cf5942 av_one_third  avia-builder-el-5  el_after_av_one_half  avia-builder-el-last  flex_column_div  '     ><style type=\"text\/css\" data-created_by=\"avia_inline_auto\" id=\"style-css-av-av_image-2d7de2bac4e4611bc2f880d9360e1134\">\n.avia-image-container.av-av_image-2d7de2bac4e4611bc2f880d9360e1134 img.avia_image{\nbox-shadow:none;\n}\n.avia-image-container.av-av_image-2d7de2bac4e4611bc2f880d9360e1134 .av-image-caption-overlay-center{\ncolor:#ffffff;\n}\n<\/style>\n<div  class='avia-image-container av-av_image-2d7de2bac4e4611bc2f880d9360e1134 av-styling- avia-align-left  avia-builder-el-6  el_before_av_textblock  avia-builder-el-first '   itemprop=\"image\" itemscope=\"itemscope\" itemtype=\"https:\/\/schema.org\/ImageObject\" ><div class=\"avia-image-container-inner\"><div class=\"avia-image-overlay-wrap\"><img decoding=\"async\" width=\"350\" height=\"350\" fetchpriority=\"high\" class='wp-image-915 avia-img-lazy-loading-not-915 avia_image ' src=\"https:\/\/www.hartmann-kompass.de\/de\/wp-content\/uploads\/Kontakt_350x350.jpg\" alt='' title='Hallo?'   itemprop=\"thumbnailUrl\" srcset=\"https:\/\/www.hartmann-kompass.de\/de\/wp-content\/uploads\/Kontakt_350x350.jpg 350w, https:\/\/www.hartmann-kompass.de\/de\/wp-content\/uploads\/Kontakt_350x350-80x80.jpg 80w, https:\/\/www.hartmann-kompass.de\/de\/wp-content\/uploads\/Kontakt_350x350-300x300.jpg 300w, https:\/\/www.hartmann-kompass.de\/de\/wp-content\/uploads\/Kontakt_350x350-36x36.jpg 36w, https:\/\/www.hartmann-kompass.de\/de\/wp-content\/uploads\/Kontakt_350x350-180x180.jpg 180w, https:\/\/www.hartmann-kompass.de\/de\/wp-content\/uploads\/Kontakt_350x350-120x120.jpg 120w\" sizes=\"(max-width: 350px) 100vw, 350px\" \/><\/div><\/div><\/div>\n<p><section  class='av_textblock_section av-av_textblock-c6af582264e9e57e217265b00f862f7b '   itemscope=\"itemscope\" itemtype=\"https:\/\/schema.org\/CreativeWork\" ><div class='avia_textblock'  itemprop=\"text\" ><p><span style=\"color: #f5f5f5;\">.<\/span><\/p>\n<p style=\"margin-top: 50px; text-align: center;\">Oder nutzen Sie gerne auch unseren<\/p>\n<\/div><\/section><br \/>\n\n<style type=\"text\/css\" data-created_by=\"avia_inline_auto\" id=\"style-css-av-av_image-d23e3512b9a2bb27ba5515faa61828ba\">\n.avia-image-container.av-av_image-d23e3512b9a2bb27ba5515faa61828ba img.avia_image{\nbox-shadow:none;\n}\n.avia-image-container.av-av_image-d23e3512b9a2bb27ba5515faa61828ba .av-image-caption-overlay-center{\ncolor:#ffffff;\n}\n<\/style>\n<div  class='avia-image-container av-av_image-d23e3512b9a2bb27ba5515faa61828ba av-styling- av-img-linked avia-align-center  avia-builder-el-8  el_after_av_textblock  avia-builder-el-last '   itemprop=\"image\" itemscope=\"itemscope\" itemtype=\"https:\/\/schema.org\/ImageObject\" ><div class=\"avia-image-container-inner\"><div class=\"avia-image-overlay-wrap\"><a href=\"https:\/\/www.hartmann-kompass.de\/de\/kontakt\/rueckruf-service\/\" class='avia_image '  aria-label='Wir rufen zur\u00fcck!'><img decoding=\"async\" width=\"200\" height=\"121\" fetchpriority=\"high\" class='wp-image-948 avia-img-lazy-loading-not-948 avia_image ' src=\"https:\/\/www.hartmann-kompass.de\/de\/wp-content\/uploads\/Rueckruf_Service_200x121.jpg\" alt='' title='Wir rufen zur\u00fcck!'   itemprop=\"thumbnailUrl\"  \/><\/a><\/div><\/div><\/div><\/p><\/div>\n","protected":false},"excerpt":{"rendered":"","protected":false},"author":2,"featured_media":0,"parent":0,"menu_order":0,"comment_status":"open","ping_status":"open","template":"","meta":{"footnotes":""},"class_list":["post-255","page","type-page","status-publish","hentry"],"_links":{"self":[{"href":"https:\/\/www.hartmann-kompass.de\/de\/wp-json\/wp\/v2\/pages\/255","targetHints":{"allow":["GET"]}}],"collection":[{"href":"https:\/\/www.hartmann-kompass.de\/de\/wp-json\/wp\/v2\/pages"}],"about":[{"href":"https:\/\/www.hartmann-kompass.de\/de\/wp-json\/wp\/v2\/types\/page"}],"author":[{"embeddable":true,"href":"https:\/\/www.hartmann-kompass.de\/de\/wp-json\/wp\/v2\/users\/2"}],"replies":[{"embeddable":true,"href":"https:\/\/www.hartmann-kompass.de\/de\/wp-json\/wp\/v2\/comments?post=255"}],"version-history":[{"count":10,"href":"https:\/\/www.hartmann-kompass.de\/de\/wp-json\/wp\/v2\/pages\/255\/revisions"}],"predecessor-version":[{"id":969,"href":"https:\/\/www.hartmann-kompass.de\/de\/wp-json\/wp\/v2\/pages\/255\/revisions\/969"}],"wp:attachment":[{"href":"https:\/\/www.hartmann-kompass.de\/de\/wp-json\/wp\/v2\/media?parent=255"}],"curies":[{"name":"wp","href":"https:\/\/api.w.org\/{rel}","templated":true}]}}