{"id":602,"date":"2014-01-20T18:33:17","date_gmt":"2014-01-20T16:33:17","guid":{"rendered":"http:\/\/www.hartmann-kompass.de\/de\/?page_id=602"},"modified":"2014-02-05T20:28:29","modified_gmt":"2014-02-05T18:28:29","slug":"hotel-gastgewerbe","status":"publish","type":"page","link":"https:\/\/www.hartmann-kompass.de\/de\/top-einsatzzwecke\/hotel-gastgewerbe\/","title":{"rendered":"Hotel- &#038; Gastgewerbe"},"content":{"rendered":"<div id='layer_slider_1'  class='avia-layerslider main_color avia-shadow  avia-builder-el-0  el_before_av_one_full  avia-builder-el-first  container_wrap sidebar_right'  style='height: 401px;'  ><\/div><div id='after_layer_slider_1'  class='main_color av_default_container_wrap container_wrap sidebar_right'  ><div class='container av-section-cont-open' ><div class='template-page content  av-content-small alpha units'><div class='post-entry post-entry-type-page post-entry-602'><div class='entry-content-wrapper clearfix'>\n<div  class='flex_column av-av_one_full-2a9015ff38129c418a3f2eafba3e9512 av_one_full  avia-builder-el-1  el_after_av_layerslider  el_before_av_one_half  avia-builder-el-first  first flex_column_div  '     ><section  class='av_textblock_section av-av_textblock-c6af582264e9e57e217265b00f862f7b '   itemscope=\"itemscope\" itemtype=\"https:\/\/schema.org\/CreativeWork\" ><div class='avia_textblock'  itemprop=\"text\" ><h4 style=\"line-height: 25px;\"><img loading=\"lazy\" decoding=\"async\" class=\"alignright size-full wp-image-724\" alt=\"HARTMANN-KOMPASS Ratzeburg\" src=\"https:\/\/www.hartmann-kompass.de\/de\/wp-content\/uploads\/Screen_Ratzeburg_300x224.jpg\" width=\"300\" height=\"224\" \/>Was spricht genau f\u00fcr Ihren Standort? Zeigen Sie Ihren G\u00e4sten die Vorz\u00fcge Ihrer Lage. Ist es zur Erholung der Strand um die Ecke, der ideale Startpunkt f\u00fcr Radtouren oder die fu\u00dfl\u00e4ufig entfernte Messe? Ihre Visualisierung sagt mehr als tausend Worte: Zeigen Sie dies Ihren Kunden gleich zentral auf Ihrer Homepage!<\/h4>\n<h4 style=\"line-height: 5px;\"><span style=\"visibility: hidden;\">+++<\/span><\/h4>\n<h4 style=\"line-height: 25px;\">Wir sind flexibel. Das Portal wird nat\u00fcrlich an Ihre individuellen Bed\u00fcrfnisse angepasst.<\/h4>\n<h4 style=\"line-height: 5px;\"><span style=\"visibility: hidden;\">+++<\/span><\/h4>\n<h4 style=\"line-height: 25px;\">Hier einige Ideen m\u00f6glicher Inhalte:<\/h4>\n<\/div><\/section><\/div>\n<div  class='flex_column av-av_one_half-2a9015ff38129c418a3f2eafba3e9512 av_one_half  avia-builder-el-3  el_after_av_one_full  el_before_av_one_half  first flex_column_div  column-top-margin'     ><div  class='avia-icon-list-container av-av_iconlist-e4a0ebdf966f1bea8883e87bb95dffd6  avia-builder-el-4  avia-builder-el-no-sibling '><ul class='avia-icon-list avia_animate_when_almost_visible avia-icon-list-left av-iconlist-big av-av_iconlist-e4a0ebdf966f1bea8883e87bb95dffd6 avia-iconlist-animate'>\n<li><div class='iconlist_icon av-av_iconlist_item-4acefb3df5f048c8cfad7754c356708f avia-font-entypo-fontello avia-iconfont avia-font-entypo-fontello'><span class='av-icon-char' data-av_icon='\ue812' data-av_iconfont='entypo-fontello' aria-hidden=\"true\"><\/span><\/div><article class=\"article-icon-entry \"  itemscope=\"itemscope\" itemtype=\"https:\/\/schema.org\/CreativeWork\" ><div class=\"iconlist_content_wrap\"><header class=\"entry-content-header\" aria-label=\"Icon: Aktiv-M\u00f6glichkeiten\"><h4 class='av_iconlist_title iconlist_title  '  itemprop=\"headline\" >Aktiv-M\u00f6glichkeiten<\/h4><\/header><div class='iconlist_content '  itemprop=\"text\" ><p>Gl\u00e4nzen Sie mit Wanderungen, die ideal von Ihnen aus zu erreichen sind?\u00a0Und Radtouren, die bei Ihnen beginnen und enden. Wie sieht&#8217;s mit Golf, Reiten oder Kanufahren aus?<\/p>\n<\/div><\/div><footer class=\"entry-footer\"><\/footer><\/article><div class=\"iconlist-timeline\"><\/div><\/li>\n<li><div class='iconlist_icon av-av_iconlist_item-1ceacbde955b509dc4d686bd043c28d2 avia-font-entypo-fontello avia-iconfont avia-font-entypo-fontello'><span class='av-icon-char' data-av_icon='\ue812' data-av_iconfont='entypo-fontello' aria-hidden=\"true\"><\/span><\/div><article class=\"article-icon-entry \"  itemscope=\"itemscope\" itemtype=\"https:\/\/schema.org\/CreativeWork\" ><div class=\"iconlist_content_wrap\"><header class=\"entry-content-header\" aria-label=\"Icon: Kultur\"><h4 class='av_iconlist_title iconlist_title  '  itemprop=\"headline\" >Kultur<\/h4><\/header><div class='iconlist_content '  itemprop=\"text\" ><p>F\u00fcr Kulturbegeisterte: Die am n\u00e4chsten gelegenen Museen und Denkm\u00e4ler, Theater, Opern oder Schl\u00f6sser.<\/p>\n<\/div><\/div><footer class=\"entry-footer\"><\/footer><\/article><div class=\"iconlist-timeline\"><\/div><\/li>\n<li><div class='iconlist_icon av-av_iconlist_item-c84a7072b7f81e0bc721f00609cd7405 avia-font-entypo-fontello avia-iconfont avia-font-entypo-fontello'><span class='av-icon-char' data-av_icon='\ue812' data-av_iconfont='entypo-fontello' aria-hidden=\"true\"><\/span><\/div><article class=\"article-icon-entry \"  itemscope=\"itemscope\" itemtype=\"https:\/\/schema.org\/CreativeWork\" ><div class=\"iconlist_content_wrap\"><header class=\"entry-content-header\" aria-label=\"Icon: dynamisch &amp; tagesaktuell\"><h4 class='av_iconlist_title iconlist_title  '  itemprop=\"headline\" >dynamisch &amp; tagesaktuell<\/h4><\/header><div class='iconlist_content '  itemprop=\"text\" ><p>Verfeinern Sie die Geodarstellung Ihrer Umgebung mit \u00a0aktuellem Wetter, wichtigen\u00a0Veranstaltungen oder individuellen Impressionen<\/p>\n<\/div><\/div><footer class=\"entry-footer\"><\/footer><\/article><div class=\"iconlist-timeline\"><\/div><\/li>\n<\/ul><\/div><\/div>\n<div  class='flex_column av-av_one_half-1c47c10d9dd6b9bc0b68f292c1cf5942 av_one_half  avia-builder-el-5  el_after_av_one_half  el_before_av_one_third  flex_column_div  column-top-margin'     ><div  class='avia-icon-list-container av-av_iconlist-e4a0ebdf966f1bea8883e87bb95dffd6  avia-builder-el-6  avia-builder-el-no-sibling '><ul class='avia-icon-list avia_animate_when_almost_visible avia-icon-list-left av-iconlist-big av-av_iconlist-e4a0ebdf966f1bea8883e87bb95dffd6 avia-iconlist-animate'>\n<li><div class='iconlist_icon av-av_iconlist_item-9516d9fc2209449373d8ff86b5f06c28 avia-font-entypo-fontello avia-iconfont avia-font-entypo-fontello'><span class='av-icon-char' data-av_icon='\ue812' data-av_iconfont='entypo-fontello' aria-hidden=\"true\"><\/span><\/div><article class=\"article-icon-entry \"  itemscope=\"itemscope\" itemtype=\"https:\/\/schema.org\/CreativeWork\" ><div class=\"iconlist_content_wrap\"><header class=\"entry-content-header\" aria-label=\"Icon: Anreise\"><h4 class='av_iconlist_title iconlist_title  '  itemprop=\"headline\" >Anreise<\/h4><\/header><div class='iconlist_content '  itemprop=\"text\" ><p>Zeigen Sie nicht nur den Bahnhof oder Flughafen, sondern auch den genauen Weg von dort zu Ihnen.<\/p>\n<\/div><\/div><footer class=\"entry-footer\"><\/footer><\/article><div class=\"iconlist-timeline\"><\/div><\/li>\n<li><div class='iconlist_icon av-av_iconlist_item-ca9c603f8b68749101421c56a14944c5 avia-font-entypo-fontello avia-iconfont avia-font-entypo-fontello'><span class='av-icon-char' data-av_icon='\ue812' data-av_iconfont='entypo-fontello' aria-hidden=\"true\"><\/span><\/div><article class=\"article-icon-entry \"  itemscope=\"itemscope\" itemtype=\"https:\/\/schema.org\/CreativeWork\" ><div class=\"iconlist_content_wrap\"><header class=\"entry-content-header\" aria-label=\"Icon: Freizeittipps\"><h4 class='av_iconlist_title iconlist_title  '  itemprop=\"headline\" >Freizeittipps<\/h4><\/header><div class='iconlist_content '  itemprop=\"text\" ><p>Freizeitattraktionen genau in Ihrer Umgebung:\u00a0Naturparks, Strand &amp; Baden, Freizeitparks, Tierparks \/ Zoos. Genau das, was Ihre G\u00e4ste suchen.<\/p>\n<\/div><\/div><footer class=\"entry-footer\"><\/footer><\/article><div class=\"iconlist-timeline\"><\/div><\/li>\n<\/ul><\/div><\/div><div  class='flex_column av-av_one_third-2a9015ff38129c418a3f2eafba3e9512 av_one_third  avia-builder-el-7  el_after_av_one_half  el_before_av_one_third  first flex_column_div  column-top-margin'     ><div  class='avia-button-wrap av-av_button-ef8d35579b164e292e1e90223496163d-wrap avia-button-left  avia-builder-el-8  avia-builder-el-no-sibling '><a href='https:\/\/www.hartmann-kompass.de\/de\/webgis_technik\/'  class='avia-button av-av_button-ef8d35579b164e292e1e90223496163d av-link-btn avia-icon_select-no avia-size-medium avia-position-left avia-color-theme-color'   aria-label=\"Die Technik\"><span class='avia_iconbox_title' >Die Technik<\/span><\/a><\/div><\/div><\/p>\n<div  class='flex_column av-av_one_third-1c47c10d9dd6b9bc0b68f292c1cf5942 av_one_third  avia-builder-el-9  el_after_av_one_third  el_before_av_one_third  flex_column_div  column-top-margin'     ><style type=\"text\/css\" data-created_by=\"avia_inline_auto\" id=\"style-css-av-av_image-b02c01c571716370b3d2858c0da01721\">\n.avia-image-container.av-av_image-b02c01c571716370b3d2858c0da01721 img.avia_image{\nbox-shadow:none;\n}\n.avia-image-container.av-av_image-b02c01c571716370b3d2858c0da01721 .av-image-caption-overlay-center{\ncolor:#ffffff;\n}\n<\/style>\n<div  class='avia-image-container av-av_image-b02c01c571716370b3d2858c0da01721 av-styling- av-img-linked avia-align-center  avia-builder-el-10  avia-builder-el-no-sibling '   itemprop=\"image\" itemscope=\"itemscope\" itemtype=\"https:\/\/schema.org\/ImageObject\" ><div class=\"avia-image-container-inner\"><div class=\"avia-image-overlay-wrap\"><a href=\"https:\/\/www.hartmann-kompass.de\/de\/kontakt\/\" class='avia_image '  aria-label='Kontakt'><img decoding=\"async\" width=\"50\" height=\"45\" fetchpriority=\"high\" class='wp-image-886 avia-img-lazy-loading-not-886 avia_image ' src=\"https:\/\/www.hartmann-kompass.de\/de\/wp-content\/uploads\/Navi_Kontakt_50x45.gif\" alt='' title='Kontakt'   itemprop=\"thumbnailUrl\"  \/><\/a><\/div><\/div><\/div><\/div>\n<div  class='flex_column av-av_one_third-1c47c10d9dd6b9bc0b68f292c1cf5942 av_one_third  avia-builder-el-11  el_after_av_one_third  avia-builder-el-last  flex_column_div  column-top-margin'     ><div  class='avia-button-wrap av-av_button-ecd8d831c20e83484f3d12102845fc25-wrap avia-button-right  avia-builder-el-12  avia-builder-el-no-sibling '><a href='https:\/\/www.hartmann-kompass.de\/de\/geoportal\/'  class='avia-button av-av_button-ecd8d831c20e83484f3d12102845fc25 av-link-btn avia-icon_select-no avia-size-medium avia-position-right avia-color-theme-color'   aria-label=\"Die Oberfl\u00e4che\"><span class='avia_iconbox_title' >Die Oberfl\u00e4che<\/span><\/a><\/div><\/div>\n","protected":false},"excerpt":{"rendered":"","protected":false},"author":2,"featured_media":0,"parent":365,"menu_order":0,"comment_status":"open","ping_status":"open","template":"","meta":{"footnotes":""},"class_list":["post-602","page","type-page","status-publish","hentry"],"_links":{"self":[{"href":"https:\/\/www.hartmann-kompass.de\/de\/wp-json\/wp\/v2\/pages\/602","targetHints":{"allow":["GET"]}}],"collection":[{"href":"https:\/\/www.hartmann-kompass.de\/de\/wp-json\/wp\/v2\/pages"}],"about":[{"href":"https:\/\/www.hartmann-kompass.de\/de\/wp-json\/wp\/v2\/types\/page"}],"author":[{"embeddable":true,"href":"https:\/\/www.hartmann-kompass.de\/de\/wp-json\/wp\/v2\/users\/2"}],"replies":[{"embeddable":true,"href":"https:\/\/www.hartmann-kompass.de\/de\/wp-json\/wp\/v2\/comments?post=602"}],"version-history":[{"count":10,"href":"https:\/\/www.hartmann-kompass.de\/de\/wp-json\/wp\/v2\/pages\/602\/revisions"}],"predecessor-version":[{"id":1165,"href":"https:\/\/www.hartmann-kompass.de\/de\/wp-json\/wp\/v2\/pages\/602\/revisions\/1165"}],"up":[{"embeddable":true,"href":"https:\/\/www.hartmann-kompass.de\/de\/wp-json\/wp\/v2\/pages\/365"}],"wp:attachment":[{"href":"https:\/\/www.hartmann-kompass.de\/de\/wp-json\/wp\/v2\/media?parent=602"}],"curies":[{"name":"wp","href":"https:\/\/api.w.org\/{rel}","templated":true}]}}