{"id":645,"date":"2014-01-22T13:29:12","date_gmt":"2014-01-22T11:29:12","guid":{"rendered":"http:\/\/www.hartmann-kompass.de\/de\/?page_id=645"},"modified":"2014-01-31T20:00:21","modified_gmt":"2014-01-31T18:00:21","slug":"bau-raumordnung","status":"publish","type":"page","link":"https:\/\/www.hartmann-kompass.de\/de\/top-einsatzzwecke\/bau-raumordnung\/","title":{"rendered":"Bau- &#038; Raumordnung"},"content":{"rendered":"<div id='layer_slider_1'  class='avia-layerslider main_color avia-shadow  avia-builder-el-0  el_before_av_one_full  avia-builder-el-first  container_wrap sidebar_right'  style='height: 401px;'  ><\/div><div id='after_layer_slider_1'  class='main_color av_default_container_wrap container_wrap sidebar_right'  ><div class='container av-section-cont-open' ><div class='template-page content  av-content-small alpha units'><div class='post-entry post-entry-type-page post-entry-645'><div class='entry-content-wrapper clearfix'>\n<div  class='flex_column av-av_one_full-2a9015ff38129c418a3f2eafba3e9512 av_one_full  avia-builder-el-1  el_after_av_layerslider  el_before_av_one_half  avia-builder-el-first  first flex_column_div  '     ><section  class='av_textblock_section av-av_textblock-c6af582264e9e57e217265b00f862f7b '   itemscope=\"itemscope\" itemtype=\"https:\/\/schema.org\/CreativeWork\" ><div class='avia_textblock'  itemprop=\"text\" ><h4 style=\"line-height: 25px;\"><img loading=\"lazy\" decoding=\"async\" class=\"alignright size-full wp-image-723\" alt=\"HARTMANN-KOMPASS Henstedt-Ulzburg\" src=\"https:\/\/www.hartmann-kompass.de\/de\/wp-content\/uploads\/Screen_Henstedt_Ulzburg_300x224.jpg\" width=\"300\" height=\"224\" \/>Unser WebGIS ist ideal, um Zusammenh\u00e4nge bei der Entwicklung von Raum und Regionen darzustellen. Gerade bei komplexen Vorg\u00e4ngen hilft die Darstellung von r\u00e4umlichen Zusammenh\u00e4ngen. Pr\u00e4sentieren Sie Fl\u00e4chennutzungspl\u00e4ne, Verkehrskorridore, Kompensationsfl\u00e4chen oder Ideen f\u00fcr Energie- und Klimaschutzkonzepte. Transparent, nachvollziehbar &amp; \u00fcberzeugend.<\/h4>\n<h4 style=\"line-height: 5px;\"><span style=\"visibility: hidden;\">+++<\/span><\/h4>\n<h4 style=\"line-height: 25px;\">Wir passen unser Geoinformationssystem an Ihre Schnittstellen an und sind sehr flexibel.<\/h4>\n<h4 style=\"line-height: 5px;\"><span style=\"visibility: hidden;\">+++<\/span><\/h4>\n<h4 style=\"line-height: 25px;\">Hier einige Ideen m\u00f6glicher Inhalte:<\/h4>\n<\/div><\/section><\/div>\n<div  class='flex_column av-av_one_half-2a9015ff38129c418a3f2eafba3e9512 av_one_half  avia-builder-el-3  el_after_av_one_full  el_before_av_one_half  first flex_column_div  column-top-margin'     ><div  class='avia-icon-list-container av-av_iconlist-e4a0ebdf966f1bea8883e87bb95dffd6  avia-builder-el-4  avia-builder-el-no-sibling '><ul class='avia-icon-list avia_animate_when_almost_visible avia-icon-list-left av-iconlist-big av-av_iconlist-e4a0ebdf966f1bea8883e87bb95dffd6 avia-iconlist-animate'>\n<li><div class='iconlist_icon av-av_iconlist_item-34b88112a8947216b7747703662ca850 avia-font-entypo-fontello avia-iconfont avia-font-entypo-fontello'><span class='av-icon-char' data-av_icon='\ue812' data-av_iconfont='entypo-fontello' aria-hidden=\"true\"><\/span><\/div><article class=\"article-icon-entry \"  itemscope=\"itemscope\" itemtype=\"https:\/\/schema.org\/CreativeWork\" ><div class=\"iconlist_content_wrap\"><header class=\"entry-content-header\" aria-label=\"Icon: Fl\u00e4chennutzungspl\u00e4ne\"><h4 class='av_iconlist_title iconlist_title  '  itemprop=\"headline\" >Fl\u00e4chennutzungspl\u00e4ne<\/h4><\/header><div class='iconlist_content '  itemprop=\"text\" ><p><code>\u00a0<\/code><\/p>\n<\/div><\/div><footer class=\"entry-footer\"><\/footer><\/article><div class=\"iconlist-timeline\"><\/div><\/li>\n<li><div class='iconlist_icon av-av_iconlist_item-148680ba1d374ad79af38fe547df653d avia-font-entypo-fontello avia-iconfont avia-font-entypo-fontello'><span class='av-icon-char' data-av_icon='\ue812' data-av_iconfont='entypo-fontello' aria-hidden=\"true\"><\/span><\/div><article class=\"article-icon-entry \"  itemscope=\"itemscope\" itemtype=\"https:\/\/schema.org\/CreativeWork\" ><div class=\"iconlist_content_wrap\"><header class=\"entry-content-header\" aria-label=\"Icon: Verkehrskorridore\"><h4 class='av_iconlist_title iconlist_title  '  itemprop=\"headline\" >Verkehrskorridore<\/h4><\/header><div class='iconlist_content '  itemprop=\"text\" ><p><code>\u00a0<\/code><\/p>\n<\/div><\/div><footer class=\"entry-footer\"><\/footer><\/article><div class=\"iconlist-timeline\"><\/div><\/li>\n<li><div class='iconlist_icon av-av_iconlist_item-6fb80cfe8e9ae7ac6a42d22b82d0ac20 avia-font-entypo-fontello avia-iconfont avia-font-entypo-fontello'><span class='av-icon-char' data-av_icon='\ue812' data-av_iconfont='entypo-fontello' aria-hidden=\"true\"><\/span><\/div><article class=\"article-icon-entry \"  itemscope=\"itemscope\" itemtype=\"https:\/\/schema.org\/CreativeWork\" ><div class=\"iconlist_content_wrap\"><header class=\"entry-content-header\" aria-label=\"Icon: Energie- und Klimaschutzkonzepte\"><h4 class='av_iconlist_title iconlist_title  '  itemprop=\"headline\" >Energie- und Klimaschutzkonzepte<\/h4><\/header><div class='iconlist_content '  itemprop=\"text\" ><p><code>\u00a0<\/code><\/p>\n<\/div><\/div><footer class=\"entry-footer\"><\/footer><\/article><div class=\"iconlist-timeline\"><\/div><\/li>\n<li><div class='iconlist_icon av-av_iconlist_item-33ff1802e122be063599f4f26279b857 avia-font-entypo-fontello avia-iconfont avia-font-entypo-fontello'><span class='av-icon-char' data-av_icon='\ue800' data-av_iconfont='entypo-fontello' aria-hidden=\"true\"><\/span><\/div><article class=\"article-icon-entry \"  itemscope=\"itemscope\" itemtype=\"https:\/\/schema.org\/CreativeWork\" ><div class=\"iconlist_content_wrap\"><header class=\"entry-content-header\" aria-label=\"Icon: geografische Gegebenheiten und Umweltsituationen\"><h4 class='av_iconlist_title iconlist_title  '  itemprop=\"headline\" >geografische Gegebenheiten und Umweltsituationen<\/h4><\/header><div class='iconlist_content '  itemprop=\"text\" ><p><code>\u00a0<\/code><\/p>\n<\/div><\/div><footer class=\"entry-footer\"><\/footer><\/article><div class=\"iconlist-timeline\"><\/div><\/li>\n<\/ul><\/div><\/div>\n<div  class='flex_column av-av_one_half-1c47c10d9dd6b9bc0b68f292c1cf5942 av_one_half  avia-builder-el-5  el_after_av_one_half  el_before_av_one_third  flex_column_div  column-top-margin'     ><div  class='avia-icon-list-container av-av_iconlist-e4a0ebdf966f1bea8883e87bb95dffd6  avia-builder-el-6  avia-builder-el-no-sibling '><ul class='avia-icon-list avia_animate_when_almost_visible avia-icon-list-left av-iconlist-big av-av_iconlist-e4a0ebdf966f1bea8883e87bb95dffd6 avia-iconlist-animate'>\n<li><div class='iconlist_icon av-av_iconlist_item-e1717ccdac4ae1df33aed11d2b1d0f24 avia-font-entypo-fontello avia-iconfont avia-font-entypo-fontello'><span class='av-icon-char' data-av_icon='\ue812' data-av_iconfont='entypo-fontello' aria-hidden=\"true\"><\/span><\/div><article class=\"article-icon-entry \"  itemscope=\"itemscope\" itemtype=\"https:\/\/schema.org\/CreativeWork\" ><div class=\"iconlist_content_wrap\"><header class=\"entry-content-header\" aria-label=\"Icon: Bev\u00f6lkerungsdichte\"><h4 class='av_iconlist_title iconlist_title  '  itemprop=\"headline\" >Bev\u00f6lkerungsdichte<\/h4><\/header><div class='iconlist_content '  itemprop=\"text\" ><p><code>\u00a0<\/code><\/p>\n<\/div><\/div><footer class=\"entry-footer\"><\/footer><\/article><div class=\"iconlist-timeline\"><\/div><\/li>\n<li><div class='iconlist_icon av-av_iconlist_item-106cef3411673f9de529c147127f1f0f avia-font-entypo-fontello avia-iconfont avia-font-entypo-fontello'><span class='av-icon-char' data-av_icon='\ue812' data-av_iconfont='entypo-fontello' aria-hidden=\"true\"><\/span><\/div><article class=\"article-icon-entry \"  itemscope=\"itemscope\" itemtype=\"https:\/\/schema.org\/CreativeWork\" ><div class=\"iconlist_content_wrap\"><header class=\"entry-content-header\" aria-label=\"Icon: Art der Siedlungsnutzung\"><h4 class='av_iconlist_title iconlist_title  '  itemprop=\"headline\" >Art der Siedlungsnutzung<\/h4><\/header><div class='iconlist_content '  itemprop=\"text\" ><p><code>\u00a0<\/code><\/p>\n<\/div><\/div><footer class=\"entry-footer\"><\/footer><\/article><div class=\"iconlist-timeline\"><\/div><\/li>\n<li><div class='iconlist_icon av-av_iconlist_item-667fcc657b7efb0a6919b1d74419d144 avia-font-entypo-fontello avia-iconfont avia-font-entypo-fontello'><span class='av-icon-char' data-av_icon='\ue812' data-av_iconfont='entypo-fontello' aria-hidden=\"true\"><\/span><\/div><article class=\"article-icon-entry \"  itemscope=\"itemscope\" itemtype=\"https:\/\/schema.org\/CreativeWork\" ><div class=\"iconlist_content_wrap\"><header class=\"entry-content-header\" aria-label=\"Icon: Zahl und Gr\u00f6\u00dfe von St\u00e4dten und Gemeinden\"><h4 class='av_iconlist_title iconlist_title  '  itemprop=\"headline\" >Zahl und Gr\u00f6\u00dfe von St\u00e4dten und Gemeinden<\/h4><\/header><div class='iconlist_content '  itemprop=\"text\" ><p><code>\u00a0<\/code><\/p>\n<\/div><\/div><footer class=\"entry-footer\"><\/footer><\/article><div class=\"iconlist-timeline\"><\/div><\/li>\n<li><div class='iconlist_icon av-av_iconlist_item-ce00e894b805c239badc03959c6cf898 avia-font-entypo-fontello avia-iconfont avia-font-entypo-fontello'><span class='av-icon-char' data-av_icon='\ue812' data-av_iconfont='entypo-fontello' aria-hidden=\"true\"><\/span><\/div><article class=\"article-icon-entry \"  itemscope=\"itemscope\" itemtype=\"https:\/\/schema.org\/CreativeWork\" ><div class=\"iconlist_content_wrap\"><header class=\"entry-content-header\" aria-label=\"Icon: Wirtschaftsstruktur\"><h4 class='av_iconlist_title iconlist_title  '  itemprop=\"headline\" >Wirtschaftsstruktur<\/h4><\/header><div class='iconlist_content '  itemprop=\"text\" ><p><code>\u00a0<\/code><\/p>\n<\/div><\/div><footer class=\"entry-footer\"><\/footer><\/article><div class=\"iconlist-timeline\"><\/div><\/li>\n<\/ul><\/div><\/div>\n<div  class='flex_column av-av_one_third-2a9015ff38129c418a3f2eafba3e9512 av_one_third  avia-builder-el-7  el_after_av_one_half  el_before_av_one_third  first flex_column_div  column-top-margin'     ><div  class='avia-button-wrap av-av_button-ef8d35579b164e292e1e90223496163d-wrap avia-button-left  avia-builder-el-8  avia-builder-el-no-sibling '><a href='https:\/\/www.hartmann-kompass.de\/de\/webgis_technik\/'  class='avia-button av-av_button-ef8d35579b164e292e1e90223496163d av-link-btn avia-icon_select-no avia-size-medium avia-position-left avia-color-theme-color'   aria-label=\"Die Technik\"><span class='avia_iconbox_title' >Die Technik<\/span><\/a><\/div><\/div>\n<div  class='flex_column av-av_one_third-1c47c10d9dd6b9bc0b68f292c1cf5942 av_one_third  avia-builder-el-9  el_after_av_one_third  el_before_av_one_third  flex_column_div  column-top-margin'     ><style type=\"text\/css\" data-created_by=\"avia_inline_auto\" id=\"style-css-av-av_image-b02c01c571716370b3d2858c0da01721\">\n.avia-image-container.av-av_image-b02c01c571716370b3d2858c0da01721 img.avia_image{\nbox-shadow:none;\n}\n.avia-image-container.av-av_image-b02c01c571716370b3d2858c0da01721 .av-image-caption-overlay-center{\ncolor:#ffffff;\n}\n<\/style>\n<div  class='avia-image-container av-av_image-b02c01c571716370b3d2858c0da01721 av-styling- av-img-linked avia-align-center  avia-builder-el-10  avia-builder-el-no-sibling '   itemprop=\"image\" itemscope=\"itemscope\" itemtype=\"https:\/\/schema.org\/ImageObject\" ><div class=\"avia-image-container-inner\"><div class=\"avia-image-overlay-wrap\"><a href=\"https:\/\/www.hartmann-kompass.de\/de\/kontakt\/\" class='avia_image '  aria-label='Kontakt'><img decoding=\"async\" width=\"50\" height=\"45\" fetchpriority=\"high\" class='wp-image-886 avia-img-lazy-loading-not-886 avia_image ' src=\"https:\/\/www.hartmann-kompass.de\/de\/wp-content\/uploads\/Navi_Kontakt_50x45.gif\" alt='' title='Kontakt'   itemprop=\"thumbnailUrl\"  \/><\/a><\/div><\/div><\/div><\/div>\n<div  class='flex_column av-av_one_third-1c47c10d9dd6b9bc0b68f292c1cf5942 av_one_third  avia-builder-el-11  el_after_av_one_third  avia-builder-el-last  flex_column_div  column-top-margin'     ><div  class='avia-button-wrap av-av_button-ecd8d831c20e83484f3d12102845fc25-wrap avia-button-right  avia-builder-el-12  avia-builder-el-no-sibling '><a href='https:\/\/www.hartmann-kompass.de\/de\/geoportal\/'  class='avia-button av-av_button-ecd8d831c20e83484f3d12102845fc25 av-link-btn avia-icon_select-no avia-size-medium avia-position-right avia-color-theme-color'   aria-label=\"Die Oberfl\u00e4che\"><span class='avia_iconbox_title' >Die Oberfl\u00e4che<\/span><\/a><\/div><\/div>\n","protected":false},"excerpt":{"rendered":"","protected":false},"author":2,"featured_media":0,"parent":365,"menu_order":0,"comment_status":"open","ping_status":"open","template":"","meta":{"footnotes":""},"class_list":["post-645","page","type-page","status-publish","hentry"],"_links":{"self":[{"href":"https:\/\/www.hartmann-kompass.de\/de\/wp-json\/wp\/v2\/pages\/645","targetHints":{"allow":["GET"]}}],"collection":[{"href":"https:\/\/www.hartmann-kompass.de\/de\/wp-json\/wp\/v2\/pages"}],"about":[{"href":"https:\/\/www.hartmann-kompass.de\/de\/wp-json\/wp\/v2\/types\/page"}],"author":[{"embeddable":true,"href":"https:\/\/www.hartmann-kompass.de\/de\/wp-json\/wp\/v2\/users\/2"}],"replies":[{"embeddable":true,"href":"https:\/\/www.hartmann-kompass.de\/de\/wp-json\/wp\/v2\/comments?post=645"}],"version-history":[{"count":10,"href":"https:\/\/www.hartmann-kompass.de\/de\/wp-json\/wp\/v2\/pages\/645\/revisions"}],"predecessor-version":[{"id":1078,"href":"https:\/\/www.hartmann-kompass.de\/de\/wp-json\/wp\/v2\/pages\/645\/revisions\/1078"}],"up":[{"embeddable":true,"href":"https:\/\/www.hartmann-kompass.de\/de\/wp-json\/wp\/v2\/pages\/365"}],"wp:attachment":[{"href":"https:\/\/www.hartmann-kompass.de\/de\/wp-json\/wp\/v2\/media?parent=645"}],"curies":[{"name":"wp","href":"https:\/\/api.w.org\/{rel}","templated":true}]}}