{"id":647,"date":"2014-01-22T13:29:57","date_gmt":"2014-01-22T11:29:57","guid":{"rendered":"http:\/\/www.hartmann-kompass.de\/de\/?page_id=647"},"modified":"2014-03-18T17:06:55","modified_gmt":"2014-03-18T15:06:55","slug":"oepnv-versorger","status":"publish","type":"page","link":"https:\/\/www.hartmann-kompass.de\/de\/top-einsatzzwecke\/oepnv-versorger\/","title":{"rendered":"\u00d6PNV &#038; Versorger"},"content":{"rendered":"<div id='layer_slider_1'  class='avia-layerslider main_color avia-shadow  avia-builder-el-0  el_before_av_one_full  avia-builder-el-first  container_wrap sidebar_right'  style='height: 401px;'  ><\/div><div id='after_layer_slider_1'  class='main_color av_default_container_wrap container_wrap sidebar_right'  ><div class='container av-section-cont-open' ><div class='template-page content  av-content-small alpha units'><div class='post-entry post-entry-type-page post-entry-647'><div class='entry-content-wrapper clearfix'>\n<div  class='flex_column av-av_one_full-2a9015ff38129c418a3f2eafba3e9512 av_one_full  avia-builder-el-1  el_after_av_layerslider  el_before_av_one_half  avia-builder-el-first  first flex_column_div  '     ><section  class='av_textblock_section av-av_textblock-c6af582264e9e57e217265b00f862f7b '   itemscope=\"itemscope\" itemtype=\"https:\/\/schema.org\/CreativeWork\" ><div class='avia_textblock'  itemprop=\"text\" ><h4 style=\"line-height: 25px;\"><img loading=\"lazy\" decoding=\"async\" class=\"alignright size-full wp-image-724\" alt=\"HARTMANN-KOMPASS Ratzeburg\" src=\"https:\/\/www.hartmann-kompass.de\/de\/wp-content\/uploads\/Screen_Ratzeburg_300x224.jpg\" width=\"300\" height=\"224\" \/>Pr\u00e4sentieren Sie sich transparent: Verkehrsnetze, Produktpl\u00e4ne, Tarifbereiche. Oder zeigen Sie Ihren Kunden die genaue Route Ihres Abholservice. Mit pr\u00e4zisen Haltepunkten. Visualisieren Sie als Versorger Ihren Verf\u00fcgbarkeitsbereich oder Ihre Angebotspakete in der jeweiligen Region. Komplett georeferenziert.<\/h4>\n<h4 style=\"line-height: 5px;\"><span style=\"visibility: hidden;\">+++<\/span><\/h4>\n<h4 style=\"line-height: 25px;\">Wir sind flexibel. Das Portal wird nat\u00fcrlich an Ihre individuellen Bed\u00fcrfnisse angepasst.<\/h4>\n<h4 style=\"line-height: 5px;\"><span style=\"visibility: hidden;\">+++<\/span><\/h4>\n<h4 style=\"line-height: 25px;\">Hier einige Ideen m\u00f6glicher Inhalte:<\/h4>\n<\/div><\/section><\/div>\n<div  class='flex_column av-av_one_half-2a9015ff38129c418a3f2eafba3e9512 av_one_half  avia-builder-el-3  el_after_av_one_full  el_before_av_one_half  first flex_column_div  column-top-margin'     ><p>\n<style type=\"text\/css\" data-created_by=\"avia_inline_auto\" id=\"style-css-av-av_heading-ffe05c505b4686771159f22e46f735ad\">\n#top .av-special-heading.av-av_heading-ffe05c505b4686771159f22e46f735ad{\npadding-bottom:10px;\n}\nbody .av-special-heading.av-av_heading-ffe05c505b4686771159f22e46f735ad .av-special-heading-tag .heading-char{\nfont-size:25px;\n}\n.av-special-heading.av-av_heading-ffe05c505b4686771159f22e46f735ad .av-subheading{\nfont-size:15px;\n}\n<\/style>\n<div  class='av-special-heading av-av_heading-ffe05c505b4686771159f22e46f735ad av-special-heading-h3  avia-builder-el-4  el_before_av_iconlist  avia-builder-el-first '><h3 class='av-special-heading-tag '  itemprop=\"headline\"  >\u00d6PNV<\/h3><div class=\"special-heading-border\"><div class=\"special-heading-inner-border\"><\/div><\/div><\/div><br \/>\n<div  class='avia-icon-list-container av-av_iconlist-e4a0ebdf966f1bea8883e87bb95dffd6  avia-builder-el-5  el_after_av_heading  avia-builder-el-last '><ul class='avia-icon-list avia_animate_when_almost_visible avia-icon-list-left av-iconlist-big av-av_iconlist-e4a0ebdf966f1bea8883e87bb95dffd6 avia-iconlist-animate'>\n<li><div class='iconlist_icon av-av_iconlist_item-77131c63b660bae5462f1ace6a2f0d95 avia-font-entypo-fontello avia-iconfont avia-font-entypo-fontello'><span class='av-icon-char' data-av_icon='\ue812' data-av_iconfont='entypo-fontello' aria-hidden=\"true\"><\/span><\/div><article class=\"article-icon-entry \"  itemscope=\"itemscope\" itemtype=\"https:\/\/schema.org\/CreativeWork\" ><div class=\"iconlist_content_wrap\"><header class=\"entry-content-header\" aria-label=\"Icon: Streckennetze\"><h4 class='av_iconlist_title iconlist_title  '  itemprop=\"headline\" >Streckennetze<\/h4><\/header><div class='iconlist_content '  itemprop=\"text\" ><p>Pr\u00e4sentieren Sie Ihr gesamtes\u00a0Verkehrsnetz oder den Stadtverkehr. Blenden Sie Produktpl\u00e4ne oder\u00a0Tarifpl\u00e4ne mit ein. Integriert in Google oder OpenStreetMap-Kartografie.<\/p>\n<\/div><\/div><footer class=\"entry-footer\"><\/footer><\/article><div class=\"iconlist-timeline\"><\/div><\/li>\n<li><div class='iconlist_icon av-av_iconlist_item-27f34f47fd912acc63f2379fb8c762a2 avia-font-entypo-fontello avia-iconfont avia-font-entypo-fontello'><span class='av-icon-char' data-av_icon='\ue812' data-av_iconfont='entypo-fontello' aria-hidden=\"true\"><\/span><\/div><article class=\"article-icon-entry \"  itemscope=\"itemscope\" itemtype=\"https:\/\/schema.org\/CreativeWork\" ><div class=\"iconlist_content_wrap\"><header class=\"entry-content-header\" aria-label=\"Icon: Intermodalit\u00e4t\"><h4 class='av_iconlist_title iconlist_title  '  itemprop=\"headline\" >Intermodalit\u00e4t<\/h4><\/header><div class='iconlist_content '  itemprop=\"text\" ><p>Zu Land. Zu Wasser oder in der Luft. Zeigen Sie Ihren G\u00e4sten Zusammenh\u00e4nge: Park &amp; Ride mit Anreise \u00fcber Autobahn oder Bundesstra\u00dfen. Wichtige F\u00e4hr\u00fcberg\u00e4nge oder spezielle Routen mit hohem Fahrgastaufkommen bspw. ab dem Flughafen.<\/p>\n<\/div><\/div><footer class=\"entry-footer\"><\/footer><\/article><div class=\"iconlist-timeline\"><\/div><\/li>\n<li><div class='iconlist_icon av-av_iconlist_item-acda6692419f26558f1923bffaf6fd19 avia-font-entypo-fontello avia-iconfont avia-font-entypo-fontello'><span class='av-icon-char' data-av_icon='\ue812' data-av_iconfont='entypo-fontello' aria-hidden=\"true\"><\/span><\/div><article class=\"article-icon-entry \"  itemscope=\"itemscope\" itemtype=\"https:\/\/schema.org\/CreativeWork\" ><div class=\"iconlist_content_wrap\"><header class=\"entry-content-header\" aria-label=\"Icon: Verkehrsknotenpl\u00e4ne\"><h4 class='av_iconlist_title iconlist_title  '  itemprop=\"headline\" >Verkehrsknotenpl\u00e4ne<\/h4><\/header><div class='iconlist_content '  itemprop=\"text\" ><p>Darstellung zentraler Knotenpunkte mit allen Infos: An- &amp; Abkommende Z\u00fcge und Buslinien, \u00fcber Kioske und Imbisse, sanit\u00e4re Einrichtungen und Wifi-Hotspots, bis hin zu Schienenersatzverkehr-Haltestellen.<\/p>\n<\/div><\/div><footer class=\"entry-footer\"><\/footer><\/article><div class=\"iconlist-timeline\"><\/div><\/li>\n<\/ul><\/div><\/p><\/div>\n<div  class='flex_column av-av_one_half-1c47c10d9dd6b9bc0b68f292c1cf5942 av_one_half  avia-builder-el-6  el_after_av_one_half  el_before_av_one_third  flex_column_div  column-top-margin'     ><p>\n<style type=\"text\/css\" data-created_by=\"avia_inline_auto\" id=\"style-css-av-av_heading-37917ae9d416ebbbee47abb0fa0edabe\">\n#top .av-special-heading.av-av_heading-37917ae9d416ebbbee47abb0fa0edabe{\npadding-bottom:10px;\n}\nbody .av-special-heading.av-av_heading-37917ae9d416ebbbee47abb0fa0edabe .av-special-heading-tag .heading-char{\nfont-size:25px;\n}\n.av-special-heading.av-av_heading-37917ae9d416ebbbee47abb0fa0edabe .av-subheading{\nfont-size:15px;\n}\n<\/style>\n<div  class='av-special-heading av-av_heading-37917ae9d416ebbbee47abb0fa0edabe av-special-heading-h3  avia-builder-el-7  el_before_av_iconlist  avia-builder-el-first '><h3 class='av-special-heading-tag '  itemprop=\"headline\"  >Versorger<\/h3><div class=\"special-heading-border\"><div class=\"special-heading-inner-border\"><\/div><\/div><\/div><br \/>\n<div  class='avia-icon-list-container av-av_iconlist-e4a0ebdf966f1bea8883e87bb95dffd6  avia-builder-el-8  el_after_av_heading  avia-builder-el-last '><ul class='avia-icon-list avia_animate_when_almost_visible avia-icon-list-left av-iconlist-big av-av_iconlist-e4a0ebdf966f1bea8883e87bb95dffd6 avia-iconlist-animate'>\n<li><div class='iconlist_icon av-av_iconlist_item-2c830bd388b9961d1a678212cfaeb6fd avia-font-entypo-fontello avia-iconfont avia-font-entypo-fontello'><span class='av-icon-char' data-av_icon='\ue812' data-av_iconfont='entypo-fontello' aria-hidden=\"true\"><\/span><\/div><article class=\"article-icon-entry \"  itemscope=\"itemscope\" itemtype=\"https:\/\/schema.org\/CreativeWork\" ><div class=\"iconlist_content_wrap\"><header class=\"entry-content-header\" aria-label=\"Icon: Verf\u00fcgbarkeitsbereiche\"><h4 class='av_iconlist_title iconlist_title  '  itemprop=\"headline\" >Verf\u00fcgbarkeitsbereiche<\/h4><\/header><div class='iconlist_content '  itemprop=\"text\" ><p>Visualisieren Sie Ihren Kunden den genauen Verf\u00fcgbarkeitsbereich Ihrer Angebote. Blenden Sie dazu bspw. Stadt- oder Gemeindegrenzen mit ein.<\/p>\n<\/div><\/div><footer class=\"entry-footer\"><\/footer><\/article><div class=\"iconlist-timeline\"><\/div><\/li>\n<li><div class='iconlist_icon av-av_iconlist_item-ca8c356baf07fd34b300991eb856e8a3 avia-font-entypo-fontello avia-iconfont avia-font-entypo-fontello'><span class='av-icon-char' data-av_icon='\ue812' data-av_iconfont='entypo-fontello' aria-hidden=\"true\"><\/span><\/div><article class=\"article-icon-entry \"  itemscope=\"itemscope\" itemtype=\"https:\/\/schema.org\/CreativeWork\" ><div class=\"iconlist_content_wrap\"><header class=\"entry-content-header\" aria-label=\"Icon: Angebotspakete\"><h4 class='av_iconlist_title iconlist_title  '  itemprop=\"headline\" >Angebotspakete<\/h4><\/header><div class='iconlist_content '  itemprop=\"text\" ><p>Welche Angebote gelten in welchen Regionen? Zeigen Sie bspw. auch regional differenzierte Produktkategorien.<\/p>\n<\/div><\/div><footer class=\"entry-footer\"><\/footer><\/article><div class=\"iconlist-timeline\"><\/div><\/li>\n<\/ul><\/div><\/p><\/div><div  class='flex_column av-av_one_third-2a9015ff38129c418a3f2eafba3e9512 av_one_third  avia-builder-el-9  el_after_av_one_half  el_before_av_one_third  first flex_column_div  column-top-margin'     ><div  class='avia-button-wrap av-av_button-ef8d35579b164e292e1e90223496163d-wrap avia-button-left  avia-builder-el-10  avia-builder-el-no-sibling '><a href='https:\/\/www.hartmann-kompass.de\/de\/webgis_technik\/'  class='avia-button av-av_button-ef8d35579b164e292e1e90223496163d av-link-btn avia-icon_select-no avia-size-medium avia-position-left avia-color-theme-color'   aria-label=\"Die Technik\"><span class='avia_iconbox_title' >Die Technik<\/span><\/a><\/div><\/div><\/p>\n<div  class='flex_column av-av_one_third-1c47c10d9dd6b9bc0b68f292c1cf5942 av_one_third  avia-builder-el-11  el_after_av_one_third  el_before_av_one_third  flex_column_div  column-top-margin'     ><style type=\"text\/css\" data-created_by=\"avia_inline_auto\" id=\"style-css-av-av_image-b02c01c571716370b3d2858c0da01721\">\n.avia-image-container.av-av_image-b02c01c571716370b3d2858c0da01721 img.avia_image{\nbox-shadow:none;\n}\n.avia-image-container.av-av_image-b02c01c571716370b3d2858c0da01721 .av-image-caption-overlay-center{\ncolor:#ffffff;\n}\n<\/style>\n<div  class='avia-image-container av-av_image-b02c01c571716370b3d2858c0da01721 av-styling- av-img-linked avia-align-center  avia-builder-el-12  avia-builder-el-no-sibling '   itemprop=\"image\" itemscope=\"itemscope\" itemtype=\"https:\/\/schema.org\/ImageObject\" ><div class=\"avia-image-container-inner\"><div class=\"avia-image-overlay-wrap\"><a href=\"https:\/\/www.hartmann-kompass.de\/de\/kontakt\/\" class='avia_image '  aria-label='Kontakt'><img decoding=\"async\" width=\"50\" height=\"45\" fetchpriority=\"high\" class='wp-image-886 avia-img-lazy-loading-not-886 avia_image ' src=\"https:\/\/www.hartmann-kompass.de\/de\/wp-content\/uploads\/Navi_Kontakt_50x45.gif\" alt='' title='Kontakt'   itemprop=\"thumbnailUrl\"  \/><\/a><\/div><\/div><\/div><\/div>\n<div  class='flex_column av-av_one_third-1c47c10d9dd6b9bc0b68f292c1cf5942 av_one_third  avia-builder-el-13  el_after_av_one_third  avia-builder-el-last  flex_column_div  column-top-margin'     ><div  class='avia-button-wrap av-av_button-ecd8d831c20e83484f3d12102845fc25-wrap avia-button-right  avia-builder-el-14  avia-builder-el-no-sibling '><a href='https:\/\/www.hartmann-kompass.de\/de\/geoportal\/'  class='avia-button av-av_button-ecd8d831c20e83484f3d12102845fc25 av-link-btn avia-icon_select-no avia-size-medium avia-position-right avia-color-theme-color'   aria-label=\"Die Oberfl\u00e4che\"><span class='avia_iconbox_title' >Die Oberfl\u00e4che<\/span><\/a><\/div><\/div>\n","protected":false},"excerpt":{"rendered":"","protected":false},"author":2,"featured_media":0,"parent":365,"menu_order":0,"comment_status":"open","ping_status":"open","template":"","meta":{"footnotes":""},"class_list":["post-647","page","type-page","status-publish","hentry"],"_links":{"self":[{"href":"https:\/\/www.hartmann-kompass.de\/de\/wp-json\/wp\/v2\/pages\/647","targetHints":{"allow":["GET"]}}],"collection":[{"href":"https:\/\/www.hartmann-kompass.de\/de\/wp-json\/wp\/v2\/pages"}],"about":[{"href":"https:\/\/www.hartmann-kompass.de\/de\/wp-json\/wp\/v2\/types\/page"}],"author":[{"embeddable":true,"href":"https:\/\/www.hartmann-kompass.de\/de\/wp-json\/wp\/v2\/users\/2"}],"replies":[{"embeddable":true,"href":"https:\/\/www.hartmann-kompass.de\/de\/wp-json\/wp\/v2\/comments?post=647"}],"version-history":[{"count":10,"href":"https:\/\/www.hartmann-kompass.de\/de\/wp-json\/wp\/v2\/pages\/647\/revisions"}],"predecessor-version":[{"id":657,"href":"https:\/\/www.hartmann-kompass.de\/de\/wp-json\/wp\/v2\/pages\/647\/revisions\/657"}],"up":[{"embeddable":true,"href":"https:\/\/www.hartmann-kompass.de\/de\/wp-json\/wp\/v2\/pages\/365"}],"wp:attachment":[{"href":"https:\/\/www.hartmann-kompass.de\/de\/wp-json\/wp\/v2\/media?parent=647"}],"curies":[{"name":"wp","href":"https:\/\/api.w.org\/{rel}","templated":true}]}}