{"id":902,"date":"2014-01-29T19:50:42","date_gmt":"2014-01-29T17:50:42","guid":{"rendered":"http:\/\/www.hartmann-kompass.de\/de\/?page_id=902"},"modified":"2014-01-31T20:02:40","modified_gmt":"2014-01-31T18:02:40","slug":"jagd-forstwirtschaft","status":"publish","type":"page","link":"https:\/\/www.hartmann-kompass.de\/de\/top-einsatzzwecke\/jagd-forstwirtschaft\/","title":{"rendered":"Jagd- &#038; Forstwirtschaft"},"content":{"rendered":"<div id='layer_slider_1'  class='avia-layerslider main_color avia-shadow  avia-builder-el-0  el_before_av_one_full  avia-builder-el-first  container_wrap sidebar_right'  style='height: 401px;'  ><\/div><div id='after_layer_slider_1'  class='main_color av_default_container_wrap container_wrap sidebar_right'  ><div class='container av-section-cont-open' ><div class='template-page content  av-content-small alpha units'><div class='post-entry post-entry-type-page post-entry-902'><div class='entry-content-wrapper clearfix'>\n<div  class='flex_column av-av_one_full-2a9015ff38129c418a3f2eafba3e9512 av_one_full  avia-builder-el-1  el_after_av_layerslider  el_before_av_one_half  avia-builder-el-first  first flex_column_div  '     ><section  class='av_textblock_section av-av_textblock-c6af582264e9e57e217265b00f862f7b '   itemscope=\"itemscope\" itemtype=\"https:\/\/schema.org\/CreativeWork\" ><div class='avia_textblock'  itemprop=\"text\" ><h4 style=\"line-height: 25px;\"><img loading=\"lazy\" decoding=\"async\" class=\"alignright size-full wp-image-723\" alt=\"HARTMANN-KOMPASS Henstedt-Ulzburg\" src=\"https:\/\/www.hartmann-kompass.de\/de\/wp-content\/uploads\/Screen_Henstedt_Ulzburg_300x224.jpg\" width=\"300\" height=\"224\" \/>Eine effiziente Arbeitshilfe f\u00fcr die Jagd- &amp; Forstwirtschaft und hervorragende Unterst\u00fctzung f\u00fcr vielf\u00e4ltige Kommunikationsaufgaben.<\/h4>\n<h4 style=\"line-height: 25px;\">Ob Mitarbeiter oder B\u00fcrger, Jagdgenosse, -p\u00e4chter oder Jagdgast. Bieten Sie allen Beteiligten und Interessierten eine optimale Orientierung im Internet.<\/h4>\n<h4 style=\"line-height: 25px;\">R\u00e4ume, Wege und sonstige Infrastruktur Ihrer Jagd- und Forstreviere werden georeferenziert pr\u00e4zise und attraktiv in ihren r\u00e4umlichen Zusammenh\u00e4ngen darstellbar. Planung und Kommunikation zwischen allen Beteiligten, sowie die Durchf\u00fchrung von Veranstaltungen und Jagden werden erheblich erleichtert.<\/h4>\n<h4 style=\"line-height: 5px;\"><span style=\"visibility: hidden;\">+++<\/span><\/h4>\n<h4 style=\"line-height: 25px;\">Wir sind flexibel. Das Portal wird nat\u00fcrlich an Ihre individuellen Bed\u00fcrfnisse angepasst.<\/h4>\n<h4 style=\"line-height: 5px;\"><span style=\"visibility: hidden;\">+++<\/span><\/h4>\n<h4 style=\"line-height: 25px;\">Hier einige Ideen m\u00f6glicher Inhalte:<\/h4>\n<\/div><\/section><\/div>\n<div  class='flex_column av-av_one_half-2a9015ff38129c418a3f2eafba3e9512 av_one_half  avia-builder-el-3  el_after_av_one_full  el_before_av_one_half  first flex_column_div  column-top-margin'     ><div  class='avia-icon-list-container av-av_iconlist-e4a0ebdf966f1bea8883e87bb95dffd6  avia-builder-el-4  avia-builder-el-no-sibling '><ul class='avia-icon-list avia_animate_when_almost_visible avia-icon-list-left av-iconlist-big av-av_iconlist-e4a0ebdf966f1bea8883e87bb95dffd6 avia-iconlist-animate'>\n<li><div class='iconlist_icon av-av_iconlist_item-67c7ce32a872477b2b0cf137e3d07954 avia-font-entypo-fontello avia-iconfont avia-font-entypo-fontello'><span class='av-icon-char' data-av_icon='\ue812' data-av_iconfont='entypo-fontello' aria-hidden=\"true\"><\/span><\/div><article class=\"article-icon-entry \"  itemscope=\"itemscope\" itemtype=\"https:\/\/schema.org\/CreativeWork\" ><div class=\"iconlist_content_wrap\"><header class=\"entry-content-header\" aria-label=\"Icon: Forsten &amp; Jagden im Web\"><h4 class='av_iconlist_title iconlist_title  '  itemprop=\"headline\" >Forsten &amp; Jagden im Web<\/h4><\/header><div class='iconlist_content '  itemprop=\"text\" ><p>Ihr Revier georeferenziert mit allen wichtigen Eigenschaften verortet im Internet. Wir k\u00f6nnen nicht nur individuelle von Ihnen gelieferte oder in Ihrem Auftrage erstellte spezieller Kartografie verwenden,\u00a0sondern auch kosteng\u00fcnstig die Systeme von Google- und OpenStreetMap einbinden. So sind extrem budgetschonende L\u00f6sungen m\u00f6glich.\u00a0W\u00e4hrend des Betriebes (\u201eon-the-Fly\u201c) k\u00f6nnen Ihre Betrachter sogar die kartografische Basis wechseln.<\/p>\n<\/div><\/div><footer class=\"entry-footer\"><\/footer><\/article><div class=\"iconlist-timeline\"><\/div><\/li>\n<li><div class='iconlist_icon av-av_iconlist_item-2ecec85842257e50ab4eee09f0bfae9e avia-font-entypo-fontello avia-iconfont avia-font-entypo-fontello'><span class='av-icon-char' data-av_icon='\ue812' data-av_iconfont='entypo-fontello' aria-hidden=\"true\"><\/span><\/div><article class=\"article-icon-entry \"  itemscope=\"itemscope\" itemtype=\"https:\/\/schema.org\/CreativeWork\" ><div class=\"iconlist_content_wrap\"><header class=\"entry-content-header\" aria-label=\"Icon: Zielgruppen\"><h4 class='av_iconlist_title iconlist_title  '  itemprop=\"headline\" >Zielgruppen<\/h4><\/header><div class='iconlist_content '  itemprop=\"text\" ><p>Im Rahmen der Jagd- &amp; Forstwirtschaft sind viele in- und externe Personenkreise zu adressieren.\u00a0Planungen, Ma\u00dfnahmen, und Veranstaltungen beinhalten im Jagd- und Forstwesen immer auch vielfache r\u00e4umliche Bez\u00fcge.\u00a0Diese Zusammenh\u00e4nge geographisch pr\u00e4zise und optisch attraktiv visualisieren zu k\u00f6nnen, erleichtert Planung und Organisation, Abstimmung und Kommunikation.\u00a0Gerade f\u00fcr die Vorbereitung potentiell konfliktgeladener Entscheidungen z. B. bei \u00a0Jagdgenossenschafts-Versammlungen sind r\u00e4umlich verortete Informationen \u2013 im Internet f\u00fcr alle Beteiligten einsehbar \u2013 sehr hilfreich.<\/p>\n<\/div><\/div><footer class=\"entry-footer\"><\/footer><\/article><div class=\"iconlist-timeline\"><\/div><\/li>\n<\/ul><\/div><\/div>\n<div  class='flex_column av-av_one_half-1c47c10d9dd6b9bc0b68f292c1cf5942 av_one_half  avia-builder-el-5  el_after_av_one_half  el_before_av_one_third  flex_column_div  column-top-margin'     ><div  class='avia-icon-list-container av-av_iconlist-e4a0ebdf966f1bea8883e87bb95dffd6  avia-builder-el-6  avia-builder-el-no-sibling '><ul class='avia-icon-list avia_animate_when_almost_visible avia-icon-list-left av-iconlist-big av-av_iconlist-e4a0ebdf966f1bea8883e87bb95dffd6 avia-iconlist-animate'>\n<li><div class='iconlist_icon av-av_iconlist_item-0beef577872db6efcd9f7a299d62975b avia-font-entypo-fontello avia-iconfont avia-font-entypo-fontello'><span class='av-icon-char' data-av_icon='\ue812' data-av_iconfont='entypo-fontello' aria-hidden=\"true\"><\/span><\/div><article class=\"article-icon-entry \"  itemscope=\"itemscope\" itemtype=\"https:\/\/schema.org\/CreativeWork\" ><div class=\"iconlist_content_wrap\"><header class=\"entry-content-header\" aria-label=\"Icon: Orte &amp; Wege, Fl\u00e4chen &amp; Grenzen\"><h4 class='av_iconlist_title iconlist_title  '  itemprop=\"headline\" >Orte &amp; Wege, Fl\u00e4chen &amp; Grenzen<\/h4><\/header><div class='iconlist_content '  itemprop=\"text\" ><p>F\u00fcr die Information, Koordination und Organisation von Standorten, Wegen, Einrichtungen &amp; jeder Menge Zusatzinformationen.\u00a0Beliebige geografische Positionen k\u00f6nnen abgebildet und auch mit Texten &amp; Grafiken, Fotos &amp; Videos verkn\u00fcpft werden.\u00a0Auch Links zu Ihren oder Internetseiten von Dritten k\u00f6nnen mit Standortmarkierungen verbunden werden.\u00a0Nur die Phantasie begrenzt die Einsatzm\u00f6glichkeiten.<\/p>\n<\/div><\/div><footer class=\"entry-footer\"><\/footer><\/article><div class=\"iconlist-timeline\"><\/div><\/li>\n<li><div class='iconlist_icon av-av_iconlist_item-5ec75b6af36f337b1510495fe99d210b avia-font-entypo-fontello avia-iconfont avia-font-entypo-fontello'><span class='av-icon-char' data-av_icon='\ue812' data-av_iconfont='entypo-fontello' aria-hidden=\"true\"><\/span><\/div><article class=\"article-icon-entry \"  itemscope=\"itemscope\" itemtype=\"https:\/\/schema.org\/CreativeWork\" ><div class=\"iconlist_content_wrap\"><header class=\"entry-content-header\" aria-label=\"Icon: Jagden und andere Veranstaltungen\"><h4 class='av_iconlist_title iconlist_title  '  itemprop=\"headline\" >Jagden und andere Veranstaltungen<\/h4><\/header><div class='iconlist_content '  itemprop=\"text\" ><p>Unser System erm\u00f6glicht auch nur terminabh\u00e4ngige Informationen wie Anfahrtswege, Start- und Zielpunkte oder ganze Fl\u00e4chen f\u00fcr eine Jagd oder andere Events darzustellen.\u00a0Sie k\u00f6nnen beispielsweise die Einladungsmail f\u00fcr Ihre Jagdg\u00e4ste durch eine Verkn\u00fcpfung mit unserem System mit allen notwendigen Informationen versehen.\u00a0F\u00fcr Sie bequem und f\u00fcr Ihre Zielgruppe sehr informativ und perfekt pr\u00e4sentiert.<\/p>\n<\/div><\/div><footer class=\"entry-footer\"><\/footer><\/article><div class=\"iconlist-timeline\"><\/div><\/li>\n<\/ul><\/div><\/div>\n<div  class='flex_column av-av_one_third-2a9015ff38129c418a3f2eafba3e9512 av_one_third  avia-builder-el-7  el_after_av_one_half  el_before_av_one_third  first flex_column_div  column-top-margin'     ><div  class='avia-button-wrap av-av_button-ef8d35579b164e292e1e90223496163d-wrap avia-button-left  avia-builder-el-8  avia-builder-el-no-sibling '><a href='https:\/\/www.hartmann-kompass.de\/de\/webgis_technik\/'  class='avia-button av-av_button-ef8d35579b164e292e1e90223496163d av-link-btn avia-icon_select-no avia-size-medium avia-position-left avia-color-theme-color'   aria-label=\"Die Technik\"><span class='avia_iconbox_title' >Die Technik<\/span><\/a><\/div><\/div>\n<div  class='flex_column av-av_one_third-1c47c10d9dd6b9bc0b68f292c1cf5942 av_one_third  avia-builder-el-9  el_after_av_one_third  el_before_av_one_third  flex_column_div  column-top-margin'     ><style type=\"text\/css\" data-created_by=\"avia_inline_auto\" id=\"style-css-av-av_image-b02c01c571716370b3d2858c0da01721\">\n.avia-image-container.av-av_image-b02c01c571716370b3d2858c0da01721 img.avia_image{\nbox-shadow:none;\n}\n.avia-image-container.av-av_image-b02c01c571716370b3d2858c0da01721 .av-image-caption-overlay-center{\ncolor:#ffffff;\n}\n<\/style>\n<div  class='avia-image-container av-av_image-b02c01c571716370b3d2858c0da01721 av-styling- av-img-linked avia-align-center  avia-builder-el-10  avia-builder-el-no-sibling '   itemprop=\"image\" itemscope=\"itemscope\" itemtype=\"https:\/\/schema.org\/ImageObject\" ><div class=\"avia-image-container-inner\"><div class=\"avia-image-overlay-wrap\"><a href=\"https:\/\/www.hartmann-kompass.de\/de\/kontakt\/\" class='avia_image '  aria-label='Kontakt'><img decoding=\"async\" width=\"50\" height=\"45\" fetchpriority=\"high\" class='wp-image-886 avia-img-lazy-loading-not-886 avia_image ' src=\"https:\/\/www.hartmann-kompass.de\/de\/wp-content\/uploads\/Navi_Kontakt_50x45.gif\" alt='' title='Kontakt'   itemprop=\"thumbnailUrl\"  \/><\/a><\/div><\/div><\/div><\/div>\n<div  class='flex_column av-av_one_third-1c47c10d9dd6b9bc0b68f292c1cf5942 av_one_third  avia-builder-el-11  el_after_av_one_third  avia-builder-el-last  flex_column_div  column-top-margin'     ><div  class='avia-button-wrap av-av_button-ecd8d831c20e83484f3d12102845fc25-wrap avia-button-right  avia-builder-el-12  avia-builder-el-no-sibling '><a href='https:\/\/www.hartmann-kompass.de\/de\/geoportal\/'  class='avia-button av-av_button-ecd8d831c20e83484f3d12102845fc25 av-link-btn avia-icon_select-no avia-size-medium avia-position-right avia-color-theme-color'   aria-label=\"Die Oberfl\u00e4che\"><span class='avia_iconbox_title' >Die Oberfl\u00e4che<\/span><\/a><\/div><\/div>\n","protected":false},"excerpt":{"rendered":"","protected":false},"author":2,"featured_media":0,"parent":365,"menu_order":0,"comment_status":"open","ping_status":"open","template":"","meta":{"footnotes":""},"class_list":["post-902","page","type-page","status-publish","hentry"],"_links":{"self":[{"href":"https:\/\/www.hartmann-kompass.de\/de\/wp-json\/wp\/v2\/pages\/902","targetHints":{"allow":["GET"]}}],"collection":[{"href":"https:\/\/www.hartmann-kompass.de\/de\/wp-json\/wp\/v2\/pages"}],"about":[{"href":"https:\/\/www.hartmann-kompass.de\/de\/wp-json\/wp\/v2\/types\/page"}],"author":[{"embeddable":true,"href":"https:\/\/www.hartmann-kompass.de\/de\/wp-json\/wp\/v2\/users\/2"}],"replies":[{"embeddable":true,"href":"https:\/\/www.hartmann-kompass.de\/de\/wp-json\/wp\/v2\/comments?post=902"}],"version-history":[{"count":10,"href":"https:\/\/www.hartmann-kompass.de\/de\/wp-json\/wp\/v2\/pages\/902\/revisions"}],"predecessor-version":[{"id":1084,"href":"https:\/\/www.hartmann-kompass.de\/de\/wp-json\/wp\/v2\/pages\/902\/revisions\/1084"}],"up":[{"embeddable":true,"href":"https:\/\/www.hartmann-kompass.de\/de\/wp-json\/wp\/v2\/pages\/365"}],"wp:attachment":[{"href":"https:\/\/www.hartmann-kompass.de\/de\/wp-json\/wp\/v2\/media?parent=902"}],"curies":[{"name":"wp","href":"https:\/\/api.w.org\/{rel}","templated":true}]}}